{"id":1453,"date":"2021-12-21T20:56:15","date_gmt":"2021-12-21T20:56:15","guid":{"rendered":"https:\/\/dataton.wordpress.com\/?page_id=12"},"modified":"2022-04-06T14:04:01","modified_gmt":"2022-04-06T14:04:01","slug":"fuentes-de-datos-2","status":"publish","type":"page","link":"https:\/\/robertenriquezreyes.com\/?page_id=1453","title":{"rendered":"Fuentes de datos"},"content":{"rendered":"\t\t<div data-elementor-type=\"wp-page\" data-elementor-id=\"1453\" class=\"elementor elementor-1453\" data-elementor-settings=\"[]\">\n\t\t\t\t\t\t\t<div class=\"elementor-section-wrap\">\n\t\t\t\t\t\t\t<section data-particle_enable=\"false\" data-particle-mobile-disabled=\"false\" class=\"elementor-section elementor-top-section elementor-element elementor-element-fa77b9c elementor-section-boxed elementor-section-height-default elementor-section-height-default\" data-id=\"fa77b9c\" data-element_type=\"section\">\n\t\t\t\t\t\t<div class=\"elementor-container elementor-column-gap-default\">\n\t\t\t\t\t<div class=\"elementor-column elementor-col-100 elementor-top-column elementor-element elementor-element-5cbd8be\" data-id=\"5cbd8be\" data-element_type=\"column\">\n\t\t\t<div class=\"elementor-widget-wrap elementor-element-populated\">\n\t\t\t\t\t\t\t\t<div class=\"elementor-element elementor-element-d728af5 elementor-widget elementor-widget-text-editor\" data-id=\"d728af5\" data-element_type=\"widget\" data-widget_type=\"text-editor.default\">\n\t\t\t\t<div class=\"elementor-widget-container\">\n\t\t\t<style>\/*! elementor - v3.5.5 - 03-02-2022 *\/\n.elementor-widget-text-editor.elementor-drop-cap-view-stacked .elementor-drop-cap{background-color:#818a91;color:#fff}.elementor-widget-text-editor.elementor-drop-cap-view-framed .elementor-drop-cap{color:#818a91;border:3px solid;background-color:transparent}.elementor-widget-text-editor:not(.elementor-drop-cap-view-default) .elementor-drop-cap{margin-top:8px}.elementor-widget-text-editor:not(.elementor-drop-cap-view-default) .elementor-drop-cap-letter{width:1em;height:1em}.elementor-widget-text-editor .elementor-drop-cap{float:left;text-align:center;line-height:1;font-size:50px}.elementor-widget-text-editor .elementor-drop-cap-letter{display:inline-block}<\/style>\t\t\t\t<p><!-- wp:paragraph {\"align\":\"center\",\"fontSize\":\"large\"} --><\/p>\n<p class=\"has-text-align-center has-large-font-size\"><strong>AN\u00c1LISIS REALIZADOS<\/strong><\/p>\n<p><!-- \/wp:paragraph --><!-- wp:paragraph {\"align\":\"center\",\"backgroundColor\":\"foreground\"} --><\/p>\n<p class=\"has-text-align-center has-foreground-background-color has-background\"><strong>En esta secci\u00f3n encontrar\u00e1s los an\u00e1lisis realizados a una gran cantidad de datasets abiertos de varias instituciones p\u00fablicas del Ecuador.<\/strong> <br \/><strong>Cada An\u00e1lisis consta de un enfoque central en el que gira todo el estudio.<\/strong><\/p>\n<p><!-- \/wp:file --><\/p>\t\t\t\t\t\t<\/div>\n\t\t\t\t<\/div>\n\t\t\t\t\t<\/div>\n\t\t<\/div>\n\t\t\t\t\t\t\t<\/div>\n\t\t<\/section>\n\t\t\t\t<section data-particle_enable=\"false\" data-particle-mobile-disabled=\"false\" class=\"elementor-section elementor-top-section elementor-element elementor-element-2036ffb elementor-section-boxed elementor-section-height-default elementor-section-height-default\" data-id=\"2036ffb\" data-element_type=\"section\">\n\t\t\t\t\t\t<div class=\"elementor-container elementor-column-gap-default\">\n\t\t\t\t\t<div class=\"elementor-column elementor-col-50 elementor-top-column elementor-element elementor-element-f724c22\" data-id=\"f724c22\" data-element_type=\"column\">\n\t\t\t<div class=\"elementor-widget-wrap elementor-element-populated\">\n\t\t\t\t\t\t\t\t<div class=\"elementor-element elementor-element-fa36f13 elementor-widget elementor-widget-image\" data-id=\"fa36f13\" data-element_type=\"widget\" data-widget_type=\"image.default\">\n\t\t\t\t<div class=\"elementor-widget-container\">\n\t\t\t<style>\/*! elementor - v3.5.5 - 03-02-2022 *\/\n.elementor-widget-image{text-align:center}.elementor-widget-image a{display:inline-block}.elementor-widget-image a img[src$=\".svg\"]{width:48px}.elementor-widget-image img{vertical-align:middle;display:inline-block}<\/style>\t\t\t\t\t\t\t\t\t\t\t\t\t<a href=\"https:\/\/portal.compraspublicas.gob.ec\/sercop\/\">\n\t\t\t\t\t\t\t<img loading=\"lazy\" decoding=\"async\" width=\"500\" height=\"300\" src=\"https:\/\/robertenriquezreyes.com\/wp-content\/uploads\/2022\/04\/SERCOP1-22e90800.jpeg\" class=\"attachment-large size-large\" alt=\"\" srcset=\"https:\/\/robertenriquezreyes.com\/wp-content\/uploads\/2022\/04\/SERCOP1-22e90800.jpeg 500w, https:\/\/robertenriquezreyes.com\/wp-content\/uploads\/2022\/04\/SERCOP1-22e90800-300x180.jpeg 300w\" sizes=\"auto, (max-width: 500px) 100vw, 500px\" \/>\t\t\t\t\t\t\t\t<\/a>\n\t\t\t\t\t\t\t\t\t\t\t\t\t\t\t<\/div>\n\t\t\t\t<\/div>\n\t\t\t\t\t<\/div>\n\t\t<\/div>\n\t\t\t\t<div class=\"elementor-column elementor-col-50 elementor-top-column elementor-element elementor-element-b8859ad\" data-id=\"b8859ad\" data-element_type=\"column\">\n\t\t\t<div class=\"elementor-widget-wrap elementor-element-populated\">\n\t\t\t\t\t\t\t\t<div class=\"elementor-element elementor-element-550248f elementor-widget elementor-widget-image\" data-id=\"550248f\" data-element_type=\"widget\" data-widget_type=\"image.default\">\n\t\t\t\t<div class=\"elementor-widget-container\">\n\t\t\t\t\t\t\t\t\t\t\t\t\t\t\t\t<a href=\"https:\/\/www.seps.gob.ec\/\">\n\t\t\t\t\t\t\t<img loading=\"lazy\" decoding=\"async\" width=\"220\" height=\"220\" src=\"https:\/\/robertenriquezreyes.com\/wp-content\/uploads\/2022\/04\/SEPS.png\" class=\"attachment-large size-large\" alt=\"\" srcset=\"https:\/\/robertenriquezreyes.com\/wp-content\/uploads\/2022\/04\/SEPS.png 220w, https:\/\/robertenriquezreyes.com\/wp-content\/uploads\/2022\/04\/SEPS-150x150.png 150w\" sizes=\"auto, (max-width: 220px) 100vw, 220px\" \/>\t\t\t\t\t\t\t\t<\/a>\n\t\t\t\t\t\t\t\t\t\t\t\t\t\t\t<\/div>\n\t\t\t\t<\/div>\n\t\t\t\t\t<\/div>\n\t\t<\/div>\n\t\t\t\t\t\t\t<\/div>\n\t\t<\/section>\n\t\t\t\t<section data-particle_enable=\"false\" data-particle-mobile-disabled=\"false\" class=\"elementor-section elementor-top-section elementor-element elementor-element-8b58f38 elementor-section-boxed elementor-section-height-default elementor-section-height-default\" data-id=\"8b58f38\" data-element_type=\"section\">\n\t\t\t\t\t\t<div class=\"elementor-container elementor-column-gap-default\">\n\t\t\t\t\t<div class=\"elementor-column elementor-col-50 elementor-top-column elementor-element elementor-element-2fb0483\" data-id=\"2fb0483\" data-element_type=\"column\">\n\t\t\t<div class=\"elementor-widget-wrap elementor-element-populated\">\n\t\t\t\t\t\t\t\t<div class=\"elementor-element elementor-element-60cc4b4 elementor-widget elementor-widget-image\" data-id=\"60cc4b4\" data-element_type=\"widget\" data-widget_type=\"image.default\">\n\t\t\t\t<div class=\"elementor-widget-container\">\n\t\t\t\t\t\t\t\t\t\t\t\t\t\t\t\t<a href=\"https:\/\/www.finanzas.gob.ec\/\">\n\t\t\t\t\t\t\t<img loading=\"lazy\" decoding=\"async\" width=\"1024\" height=\"457\" src=\"https:\/\/robertenriquezreyes.com\/wp-content\/uploads\/2022\/04\/1200px-Ministerio_de_Finanzas_EC.svg-1024x457.png\" class=\"attachment-large size-large\" alt=\"\" srcset=\"https:\/\/robertenriquezreyes.com\/wp-content\/uploads\/2022\/04\/1200px-Ministerio_de_Finanzas_EC.svg-1024x457.png 1024w, https:\/\/robertenriquezreyes.com\/wp-content\/uploads\/2022\/04\/1200px-Ministerio_de_Finanzas_EC.svg-300x134.png 300w, https:\/\/robertenriquezreyes.com\/wp-content\/uploads\/2022\/04\/1200px-Ministerio_de_Finanzas_EC.svg-768x343.png 768w, https:\/\/robertenriquezreyes.com\/wp-content\/uploads\/2022\/04\/1200px-Ministerio_de_Finanzas_EC.svg.png 1200w\" sizes=\"auto, (max-width: 1024px) 100vw, 1024px\" \/>\t\t\t\t\t\t\t\t<\/a>\n\t\t\t\t\t\t\t\t\t\t\t\t\t\t\t<\/div>\n\t\t\t\t<\/div>\n\t\t\t\t\t<\/div>\n\t\t<\/div>\n\t\t\t\t<div class=\"elementor-column elementor-col-50 elementor-top-column elementor-element elementor-element-07b6274\" data-id=\"07b6274\" data-element_type=\"column\">\n\t\t\t<div class=\"elementor-widget-wrap elementor-element-populated\">\n\t\t\t\t\t\t\t\t<div class=\"elementor-element elementor-element-c7f3f52 elementor-widget elementor-widget-image\" data-id=\"c7f3f52\" data-element_type=\"widget\" data-widget_type=\"image.default\">\n\t\t\t\t<div class=\"elementor-widget-container\">\n\t\t\t\t\t\t\t\t\t\t\t\t\t\t\t\t<a href=\"https:\/\/www.ecuadorencifras.gob.ec\/institucional\/home\/\">\n\t\t\t\t\t\t\t<img loading=\"lazy\" decoding=\"async\" width=\"992\" height=\"594\" src=\"https:\/\/robertenriquezreyes.com\/wp-content\/uploads\/2022\/04\/Captura-de-pantalla-2019-05-15-a-las-23.03.17.png\" class=\"attachment-large size-large\" alt=\"\" srcset=\"https:\/\/robertenriquezreyes.com\/wp-content\/uploads\/2022\/04\/Captura-de-pantalla-2019-05-15-a-las-23.03.17.png 992w, https:\/\/robertenriquezreyes.com\/wp-content\/uploads\/2022\/04\/Captura-de-pantalla-2019-05-15-a-las-23.03.17-300x180.png 300w, https:\/\/robertenriquezreyes.com\/wp-content\/uploads\/2022\/04\/Captura-de-pantalla-2019-05-15-a-las-23.03.17-768x460.png 768w\" sizes=\"auto, (max-width: 992px) 100vw, 992px\" \/>\t\t\t\t\t\t\t\t<\/a>\n\t\t\t\t\t\t\t\t\t\t\t\t\t\t\t<\/div>\n\t\t\t\t<\/div>\n\t\t\t\t\t<\/div>\n\t\t<\/div>\n\t\t\t\t\t\t\t<\/div>\n\t\t<\/section>\n\t\t\t\t<section data-particle_enable=\"false\" data-particle-mobile-disabled=\"false\" class=\"elementor-section elementor-top-section elementor-element elementor-element-5d85539 elementor-section-boxed elementor-section-height-default elementor-section-height-default\" data-id=\"5d85539\" data-element_type=\"section\">\n\t\t\t\t\t\t<div class=\"elementor-container elementor-column-gap-default\">\n\t\t\t\t\t<div class=\"elementor-column elementor-col-50 elementor-top-column elementor-element elementor-element-3dbb101\" data-id=\"3dbb101\" data-element_type=\"column\">\n\t\t\t<div class=\"elementor-widget-wrap elementor-element-populated\">\n\t\t\t\t\t\t\t\t<div class=\"elementor-element elementor-element-250d2bb elementor-widget elementor-widget-image\" data-id=\"250d2bb\" data-element_type=\"widget\" data-widget_type=\"image.default\">\n\t\t\t\t<div class=\"elementor-widget-container\">\n\t\t\t\t\t\t\t\t\t\t\t\t\t\t\t\t<a href=\"https:\/\/www.gob.ec\/mremh\">\n\t\t\t\t\t\t\t<img loading=\"lazy\" decoding=\"async\" width=\"200\" height=\"200\" src=\"https:\/\/robertenriquezreyes.com\/wp-content\/uploads\/2022\/04\/descarga.png\" class=\"attachment-large size-large\" alt=\"\" srcset=\"https:\/\/robertenriquezreyes.com\/wp-content\/uploads\/2022\/04\/descarga.png 200w, https:\/\/robertenriquezreyes.com\/wp-content\/uploads\/2022\/04\/descarga-150x150.png 150w\" sizes=\"auto, (max-width: 200px) 100vw, 200px\" \/>\t\t\t\t\t\t\t\t<\/a>\n\t\t\t\t\t\t\t\t\t\t\t\t\t\t\t<\/div>\n\t\t\t\t<\/div>\n\t\t\t\t\t<\/div>\n\t\t<\/div>\n\t\t\t\t<div class=\"elementor-column elementor-col-50 elementor-top-column elementor-element elementor-element-c3bf3d4\" data-id=\"c3bf3d4\" data-element_type=\"column\">\n\t\t\t<div class=\"elementor-widget-wrap elementor-element-populated\">\n\t\t\t\t\t\t\t\t<div class=\"elementor-element elementor-element-83dc4b3 elementor-widget elementor-widget-image\" data-id=\"83dc4b3\" data-element_type=\"widget\" data-widget_type=\"image.default\">\n\t\t\t\t<div class=\"elementor-widget-container\">\n\t\t\t\t\t\t\t\t\t\t\t\t<figure class=\"wp-caption\">\n\t\t\t\t\t\t\t\t\t\t\t<a href=\"https:\/\/www.sri.gob.ec\/web\/intersri\/home\">\n\t\t\t\t\t\t\t<img loading=\"lazy\" decoding=\"async\" width=\"1024\" height=\"666\" src=\"https:\/\/robertenriquezreyes.com\/wp-content\/uploads\/2022\/04\/2560px-SRI.svg-1024x666.png\" class=\"attachment-large size-large\" alt=\"\" srcset=\"https:\/\/robertenriquezreyes.com\/wp-content\/uploads\/2022\/04\/2560px-SRI.svg-1024x666.png 1024w, https:\/\/robertenriquezreyes.com\/wp-content\/uploads\/2022\/04\/2560px-SRI.svg-300x195.png 300w, https:\/\/robertenriquezreyes.com\/wp-content\/uploads\/2022\/04\/2560px-SRI.svg-768x499.png 768w, https:\/\/robertenriquezreyes.com\/wp-content\/uploads\/2022\/04\/2560px-SRI.svg-1536x998.png 1536w, https:\/\/robertenriquezreyes.com\/wp-content\/uploads\/2022\/04\/2560px-SRI.svg-2048x1331.png 2048w\" sizes=\"auto, (max-width: 1024px) 100vw, 1024px\" \/>\t\t\t\t\t\t\t\t<\/a>\n\t\t\t\t\t\t\t\t\t\t\t<figcaption class=\"widget-image-caption wp-caption-text\">https:\/\/www.sri.gob.ec\/web\/intersri\/home<\/figcaption>\n\t\t\t\t\t\t\t\t\t\t<\/figure>\n\t\t\t\t\t\t\t\t\t<\/div>\n\t\t\t\t<\/div>\n\t\t\t\t\t<\/div>\n\t\t<\/div>\n\t\t\t\t\t\t\t<\/div>\n\t\t<\/section>\n\t\t\t\t<section data-particle_enable=\"false\" data-particle-mobile-disabled=\"false\" class=\"elementor-section elementor-top-section elementor-element elementor-element-74c0144 elementor-section-boxed elementor-section-height-default elementor-section-height-default\" data-id=\"74c0144\" data-element_type=\"section\">\n\t\t\t\t\t\t<div class=\"elementor-container elementor-column-gap-default\">\n\t\t\t\t\t<div class=\"elementor-column elementor-col-100 elementor-top-column elementor-element elementor-element-ba6692a\" data-id=\"ba6692a\" data-element_type=\"column\">\n\t\t\t<div class=\"elementor-widget-wrap elementor-element-populated\">\n\t\t\t\t\t\t\t\t<div class=\"elementor-element elementor-element-26fd272 elementor-widget elementor-widget-text-editor\" data-id=\"26fd272\" data-element_type=\"widget\" data-widget_type=\"text-editor.default\">\n\t\t\t\t<div class=\"elementor-widget-container\">\n\t\t\t\t\t\t\t<p class=\"has-text-align-center\"><strong>Mas fuentes de datos <\/strong><\/p>\n<p><!-- \/wp:paragraph --><!-- wp:paragraph {\"align\":\"center\"} --><\/p>\n<p class=\"has-text-align-center\"><strong>EN EL SIGUIENTE ARCHIVO<\/strong><\/p>\n<p><!-- \/wp:paragraph --><!-- wp:file {\"id\":477,\"href\":\"https:\/\/dataton.files.wordpress.com\/2022\/01\/inventario-de-datos-anticorrupcion-ecuador-para-dataton-datos-corrupcion.xlsx\"} --><\/p>\n<div class=\"wp-block-file\"><a id=\"wp-block-file--media-cba2bdd6-7a4c-49b9-b9c8-1fe5fc3f1687\" href=\"https:\/\/dataton.files.wordpress.com\/2022\/01\/inventario-de-datos-anticorrupcion-ecuador-para-dataton-datos-corrupcion.xlsx\">inventario-de-datos-anticorrupcion-ecuador-para-dataton-datos-corrupcion<\/a><a class=\"wp-block-file__button\" href=\"https:\/\/dataton.files.wordpress.com\/2022\/01\/inventario-de-datos-anticorrupcion-ecuador-para-dataton-datos-corrupcion.xlsx\" download=\"\" aria-describedby=\"wp-block-file--media-cba2bdd6-7a4c-49b9-b9c8-1fe5fc3f1687\">Descarga<\/a><\/div>\t\t\t\t\t\t<\/div>\n\t\t\t\t<\/div>\n\t\t\t\t\t<\/div>\n\t\t<\/div>\n\t\t\t\t\t\t\t<\/div>\n\t\t<\/section>\n\t\t\t\t<section data-particle_enable=\"false\" data-particle-mobile-disabled=\"false\" class=\"elementor-section elementor-top-section elementor-element elementor-element-dcbbc68 elementor-section-boxed elementor-section-height-default elementor-section-height-default\" data-id=\"dcbbc68\" data-element_type=\"section\">\n\t\t\t\t\t\t<div class=\"elementor-container elementor-column-gap-default\">\n\t\t\t\t\t<div class=\"elementor-column elementor-col-100 elementor-top-column elementor-element elementor-element-cbd5c9a\" data-id=\"cbd5c9a\" data-element_type=\"column\">\n\t\t\t<div class=\"elementor-widget-wrap\">\n\t\t\t\t\t\t\t\t\t<\/div>\n\t\t<\/div>\n\t\t\t\t\t\t\t<\/div>\n\t\t<\/section>\n\t\t\t\t<section data-particle_enable=\"false\" data-particle-mobile-disabled=\"false\" class=\"elementor-section elementor-top-section elementor-element elementor-element-6d603b10 elementor-section-boxed elementor-section-height-default elementor-section-height-default\" data-id=\"6d603b10\" data-element_type=\"section\">\n\t\t\t\t\t\t<div class=\"elementor-container elementor-column-gap-default\">\n\t\t\t\t\t<div class=\"elementor-column elementor-col-100 elementor-top-column elementor-element elementor-element-759ff2a0\" data-id=\"759ff2a0\" data-element_type=\"column\">\n\t\t\t<div class=\"elementor-widget-wrap\">\n\t\t\t\t\t\t\t\t\t<\/div>\n\t\t<\/div>\n\t\t\t\t\t\t\t<\/div>\n\t\t<\/section>\n\t\t\t\t\t\t<\/div>\n\t\t\t\t\t<\/div>\n\t\t","protected":false},"excerpt":{"rendered":"<p>AN\u00c1LISIS REALIZADOS En esta secci\u00f3n encontrar\u00e1s los an\u00e1lisis realizados a una gran cantidad de datasets abiertos de varias instituciones p\u00fablicas del Ecuador. Cada An\u00e1lisis consta de un enfoque central en el que gira todo el estudio. https:\/\/www.sri.gob.ec\/web\/intersri\/home Mas fuentes de datos EN EL SIGUIENTE ARCHIVO inventario-de-datos-anticorrupcion-ecuador-para-dataton-datos-corrupcionDescarga<\/p>\n","protected":false},"author":2,"featured_media":0,"parent":0,"menu_order":0,"comment_status":"closed","ping_status":"closed","template":"","meta":{"neve_meta_sidebar":"","neve_meta_container":"","neve_meta_enable_content_width":"","neve_meta_content_width":0,"neve_meta_title_alignment":"","neve_meta_author_avatar":"","neve_post_elements_order":"","neve_meta_disable_header":"","neve_meta_disable_footer":"","neve_meta_disable_title":"","_themeisle_gutenberg_block_has_review":false,"_ti_tpc_template_sync":false,"_ti_tpc_template_id":"","footnotes":""},"class_list":["post-1453","page","type-page","status-publish","hentry"],"_links":{"self":[{"href":"https:\/\/robertenriquezreyes.com\/index.php?rest_route=\/wp\/v2\/pages\/1453","targetHints":{"allow":["GET"]}}],"collection":[{"href":"https:\/\/robertenriquezreyes.com\/index.php?rest_route=\/wp\/v2\/pages"}],"about":[{"href":"https:\/\/robertenriquezreyes.com\/index.php?rest_route=\/wp\/v2\/types\/page"}],"author":[{"embeddable":true,"href":"https:\/\/robertenriquezreyes.com\/index.php?rest_route=\/wp\/v2\/users\/2"}],"replies":[{"embeddable":true,"href":"https:\/\/robertenriquezreyes.com\/index.php?rest_route=%2Fwp%2Fv2%2Fcomments&post=1453"}],"version-history":[{"count":47,"href":"https:\/\/robertenriquezreyes.com\/index.php?rest_route=\/wp\/v2\/pages\/1453\/revisions"}],"predecessor-version":[{"id":4058,"href":"https:\/\/robertenriquezreyes.com\/index.php?rest_route=\/wp\/v2\/pages\/1453\/revisions\/4058"}],"wp:attachment":[{"href":"https:\/\/robertenriquezreyes.com\/index.php?rest_route=%2Fwp%2Fv2%2Fmedia&parent=1453"}],"curies":[{"name":"wp","href":"https:\/\/api.w.org\/{rel}","templated":true}]}}