{"id":1450,"date":"2021-12-21T20:56:12","date_gmt":"2021-12-21T20:56:12","guid":{"rendered":"https:\/\/dataton.wordpress.com\/?page_id=9"},"modified":"2022-03-02T01:14:51","modified_gmt":"2022-03-02T01:14:51","slug":"acerca-de-2","status":"publish","type":"page","link":"https:\/\/robertenriquezreyes.com\/?page_id=1450","title":{"rendered":"Acerca del Proyecto"},"content":{"rendered":"\t\t<div data-elementor-type=\"wp-page\" data-elementor-id=\"1450\" class=\"elementor elementor-1450\" data-elementor-settings=\"[]\">\n\t\t\t\t\t\t\t<div class=\"elementor-section-wrap\">\n\t\t\t\t\t\t\t<section data-particle_enable=\"false\" data-particle-mobile-disabled=\"false\" class=\"elementor-section elementor-top-section elementor-element elementor-element-fea1945 elementor-section-boxed elementor-section-height-default elementor-section-height-default\" data-id=\"fea1945\" data-element_type=\"section\">\n\t\t\t\t\t\t<div class=\"elementor-container elementor-column-gap-default\">\n\t\t\t\t\t<div class=\"elementor-column elementor-col-25 elementor-top-column elementor-element elementor-element-b50db52\" data-id=\"b50db52\" data-element_type=\"column\">\n\t\t\t<div class=\"elementor-widget-wrap\">\n\t\t\t\t\t\t\t\t\t<\/div>\n\t\t<\/div>\n\t\t\t\t<div class=\"elementor-column elementor-col-50 elementor-top-column elementor-element elementor-element-bd8ffbe\" data-id=\"bd8ffbe\" data-element_type=\"column\">\n\t\t\t<div class=\"elementor-widget-wrap elementor-element-populated\">\n\t\t\t\t\t\t\t\t<div class=\"elementor-element elementor-element-b798171 elementor-invisible elementor-widget elementor-widget-eael-sticky-video\" data-id=\"b798171\" data-element_type=\"widget\" data-settings=\"{&quot;_animation&quot;:&quot;zoomIn&quot;}\" data-widget_type=\"eael-sticky-video.default\">\n\t\t\t\t<div class=\"elementor-widget-container\">\n\t\t\t<div class=\"eael-sticky-video-wrapper eaelsv-overlay-visibility-\"><div class=\"eael-sticky-video-player2\" data-sticky=\"yes\" data-position=\"top-right\" data-sheight=\"169\" data-swidth=\"300\" data-scroll_height=\"70\" data-autoplay=\"no\" data-overlay=\"no\">\n\t\t\t\t<div\n\t\t\tid=\"eaelsv-player-b798171\"\n\t\t\tdata-plyr-provider=\"youtube\"\n\t\t\tdata-plyr-embed-id=\"5Zg-C8AAIGg\"\n\t\t\tdata-plyr-config=\"{&quot;autoplay&quot;:0, &quot;muted&quot;:0, &quot;loop&quot;: {&quot;active&quot;: false}}\"\n\t\t><\/div>\n\t\t\t\t<span class=\"eaelsv-sticky-player-close\"><i class=\"fas fa-times-circle\"><\/i><\/span>\n\t\t\t<\/div>\n\t\t<\/div>\t\t<\/div>\n\t\t\t\t<\/div>\n\t\t\t\t\t<\/div>\n\t\t<\/div>\n\t\t\t\t<div class=\"elementor-column elementor-col-25 elementor-top-column elementor-element elementor-element-4a7c69a\" data-id=\"4a7c69a\" data-element_type=\"column\">\n\t\t\t<div class=\"elementor-widget-wrap\">\n\t\t\t\t\t\t\t\t\t<\/div>\n\t\t<\/div>\n\t\t\t\t\t\t\t<\/div>\n\t\t<\/section>\n\t\t\t\t<section data-particle_enable=\"false\" data-particle-mobile-disabled=\"false\" class=\"elementor-section elementor-top-section elementor-element elementor-element-4c91171e elementor-section-boxed elementor-section-height-default elementor-section-height-default\" data-id=\"4c91171e\" data-element_type=\"section\">\n\t\t\t\t\t\t<div class=\"elementor-container elementor-column-gap-default\">\n\t\t\t\t\t<div class=\"elementor-column elementor-col-100 elementor-top-column elementor-element elementor-element-8df9b4e\" data-id=\"8df9b4e\" data-element_type=\"column\">\n\t\t\t<div class=\"elementor-widget-wrap elementor-element-populated\">\n\t\t\t\t\t\t\t\t<div class=\"elementor-element elementor-element-497e65e7 elementor-widget elementor-widget-text-editor\" data-id=\"497e65e7\" data-element_type=\"widget\" data-widget_type=\"text-editor.default\">\n\t\t\t\t<div class=\"elementor-widget-container\">\n\t\t\t<style>\/*! elementor - v3.5.5 - 03-02-2022 *\/\n.elementor-widget-text-editor.elementor-drop-cap-view-stacked .elementor-drop-cap{background-color:#818a91;color:#fff}.elementor-widget-text-editor.elementor-drop-cap-view-framed .elementor-drop-cap{color:#818a91;border:3px solid;background-color:transparent}.elementor-widget-text-editor:not(.elementor-drop-cap-view-default) .elementor-drop-cap{margin-top:8px}.elementor-widget-text-editor:not(.elementor-drop-cap-view-default) .elementor-drop-cap-letter{width:1em;height:1em}.elementor-widget-text-editor .elementor-drop-cap{float:left;text-align:center;line-height:1;font-size:50px}.elementor-widget-text-editor .elementor-drop-cap-letter{display:inline-block}<\/style>\t\t\t\t<p><!-- wp:quote --><\/p>\n<blockquote>\n<p>Los datos no solo son el petr\u00f3leo del siglo XXI sino la tierra m\u00e1s f\u00e9rtil para que crezca nuestro conocimiento creatividad e innovaci\u00f3n.<\/p>\n<p><cite>&#8211;<strong>David Mccandless<\/strong><\/cite><\/p>\n<p><span style=\"color: var( --e-global-color-text ); font-family: var( --e-global-typography-text-font-family ), Sans-serif; font-size: var(--bodyFontSize); font-weight: var( --e-global-typography-text-font-weight ); letter-spacing: var(--bodyLetterSpacing); text-transform: var(--bodyTextTransform);\">La iniciativa surgi\u00f3 como una forma de propiciar los datos proporcionados por algunas organizaciones gubernamentales, la transparencia, el acceso a la informaci\u00f3n p\u00fablica y las normas de buen gobierno deben ser los ejes fundamentales de toda acci\u00f3n pol\u00edtica.<\/span><\/p>\n<\/blockquote>\n<p class=\"has-text-align-left\"><!-- \/wp:paragraph --><\/p>\n<p><!-- wp:paragraph --><\/p>\n<p id=\"la-iniciativa-surgio-como-una-forma-de-propiciar-los-datos-proporcionados-por-algunas-organizaciones-gubernamentales-la-transparencia-el-acceso-a-la-informacion-publica-y-las-normas-de-buen-gobierno-deben-ser-los-ejes-fundamentales-de-toda-accion-politica-si-los-ciudadanos-conocen-como-se-toman-las-decisiones-que-les-afectan-como-se-manejan-los-fondos-publicos-o-bajo-que-criterios-actua-el-gobierno-municipal-se-empieza-a-responder-a-una-sociedad-critica-exigente-y-que-demanda-participacion-en-la-toma-de-decisiones\">Si los ciudadanos conocen c\u00f3mo se toman las decisiones que les afectan, c\u00f3mo se manejan los fondos p\u00fablicos o bajo qu\u00e9 criterios act\u00faa el gobierno municipal, se empieza a responder a una sociedad cr\u00edtica, exigente y que demanda participaci\u00f3n en la toma de decisiones.<\/p>\n<p class=\"has-text-align-left\"><!-- \/wp:paragraph --><\/p>\n<p><!-- wp:paragraph --><\/p>\n<p id=\"la-iniciativa-surgio-como-una-forma-de-propiciar-los-datos-proporcionados-por-algunas-organizaciones-gubernamentales-la-transparencia-el-acceso-a-la-informacion-publica-y-las-normas-de-buen-gobierno-deben-ser-los-ejes-fundamentales-de-toda-accion-politica-si-los-ciudadanos-conocen-como-se-toman-las-decisiones-que-les-afectan-como-se-manejan-los-fondos-publicos-o-bajo-que-criterios-actua-el-gobierno-municipal-se-empieza-a-responder-a-una-sociedad-critica-exigente-y-que-demanda-participacion-en-la-toma-de-decisiones\">Se tomo un enfoque grafico para los datos para que la ciudadan\u00eda en general pueda entender las cifras y datos sin necesidad de tener conocimientos previos en estad\u00edstica.<\/p>\n<p class=\"has-text-align-left\"><!-- \/wp:paragraph --><\/p>\n<p><!-- wp:paragraph --><\/p>\n<p id=\"la-iniciativa-surgio-como-una-forma-de-propiciar-los-datos-proporcionados-por-algunas-organizaciones-gubernamentales-la-transparencia-el-acceso-a-la-informacion-publica-y-las-normas-de-buen-gobierno-deben-ser-los-ejes-fundamentales-de-toda-accion-politica-si-los-ciudadanos-conocen-como-se-toman-las-decisiones-que-les-afectan-como-se-manejan-los-fondos-publicos-o-bajo-que-criterios-actua-el-gobierno-municipal-se-empieza-a-responder-a-una-sociedad-critica-exigente-y-que-demanda-participacion-en-la-toma-de-decisiones\">Las iniciativas como esta ayudan a concientizar de mejor manera a la poblacion sobre la importancia y responsabilidad del uso de los datos abiertos.<\/p>\n<p class=\"has-text-align-left\"><!-- \/wp:paragraph --><\/p>\n<p><!-- wp:heading {\"textAlign\":\"center\",\"style\":{\"color\":{\"text\":\"#3a7c80\"}}} --><\/p>\n<h2 id=\"conoce-a-los-involucradosdel-proyecto\" style=\"color: #3a7c80;\">CONOCE A LOS INVOLUCRADOS<br \/>DEL PROYECTO<\/h2>\n<p class=\"has-text-align-left\"><!-- \/wp:heading --><\/p>\n<p><!-- wp:columns --><\/p>\n<div class=\"wp-block-columns\">\n<p><!-- wp:column --><\/p>\n<div class=\"wp-block-column\">\n<p><!-- wp:heading --><\/p>\n<h2><strong>Nosotros<\/strong><\/h2>\n<p><!-- \/wp:heading --><\/p>\n<p><!-- wp:paragraph --><\/p>\n<p>Somos profesores y estudiantes de las carreras de Ingenier\u00eda Inform\u00e1tica y Sistemas de Informaci\u00f3n de la Universidad Central del Ecuador.<\/p>\n<p><!-- \/wp:paragraph --><\/p>\n<p><!-- wp:paragraph --><\/p>\n<p>En conjunto hemos desarrollado ideas e iniciativas para contribuir al desarrollo de la comunidad de Datos Abiertos con el fin de mostrar y hacer part\u00edcipe al p\u00fablico general, profesionales y estudiantes de las distintas disciplinas, el incre\u00edble potencial y las diversas ventajas que proporciona tanto analizar, como producir datos en el contexto de la sociedad ecuatoriana y en perspectiva, del mundo como tal.<\/p>\n<p><!-- \/wp:paragraph --><\/p>\n<\/div>\n<p><!-- \/wp:column --><\/p>\n<p><!-- wp:column --><\/p>\n<div class=\"wp-block-column\">\n<p><!-- wp:image {\"id\":2214,\"width\":397,\"height\":485,\"sizeSlug\":\"full\",\"linkDestination\":\"none\"} --><\/p>\n<figure><img loading=\"lazy\" decoding=\"async\" src=\"https:\/\/robertenriquezreyes.com\/wp-content\/uploads\/2022\/02\/todos-2.webp\" alt=\"\" width=\"397\" height=\"485\" \/><\/figure>\n<p><!-- \/wp:image --><\/p>\n<\/div>\n<p><!-- \/wp:column --><\/p>\n<\/div>\n<p class=\"has-text-align-left\"><!-- \/wp:columns --><\/p>\t\t\t\t\t\t<\/div>\n\t\t\t\t<\/div>\n\t\t\t\t\t<\/div>\n\t\t<\/div>\n\t\t\t\t\t\t\t<\/div>\n\t\t<\/section>\n\t\t\t\t<section data-particle_enable=\"false\" data-particle-mobile-disabled=\"false\" class=\"elementor-section elementor-top-section elementor-element elementor-element-d926a9c elementor-section-boxed elementor-section-height-default elementor-section-height-default\" data-id=\"d926a9c\" data-element_type=\"section\">\n\t\t\t\t\t\t<div class=\"elementor-container elementor-column-gap-default\">\n\t\t\t\t\t<div class=\"elementor-column elementor-col-100 elementor-top-column elementor-element elementor-element-e09387c\" data-id=\"e09387c\" data-element_type=\"column\">\n\t\t\t<div class=\"elementor-widget-wrap\">\n\t\t\t\t\t\t\t\t\t<\/div>\n\t\t<\/div>\n\t\t\t\t\t\t\t<\/div>\n\t\t<\/section>\n\t\t\t\t\t\t<\/div>\n\t\t\t\t\t<\/div>\n\t\t","protected":false},"excerpt":{"rendered":"<p>Los datos no solo son el petr\u00f3leo del siglo XXI sino la tierra m\u00e1s f\u00e9rtil para que crezca nuestro conocimiento creatividad e innovaci\u00f3n. &#8211;David Mccandless La iniciativa surgi\u00f3 como una forma de propiciar los datos proporcionados por algunas organizaciones gubernamentales, la transparencia, el acceso a la informaci\u00f3n p\u00fablica y las normas de buen gobierno deben&hellip;&nbsp;<a href=\"https:\/\/robertenriquezreyes.com\/?page_id=1450\" class=\"\" rel=\"bookmark\">Read More &raquo;<span class=\"screen-reader-text\">Acerca del Proyecto<\/span><\/a><\/p>\n","protected":false},"author":2,"featured_media":0,"parent":0,"menu_order":0,"comment_status":"closed","ping_status":"closed","template":"","meta":{"neve_meta_sidebar":"","neve_meta_container":"","neve_meta_enable_content_width":"","neve_meta_content_width":0,"neve_meta_title_alignment":"","neve_meta_author_avatar":"","neve_post_elements_order":"","neve_meta_disable_header":"","neve_meta_disable_footer":"","neve_meta_disable_title":"","_themeisle_gutenberg_block_has_review":false,"_ti_tpc_template_sync":false,"_ti_tpc_template_id":"","footnotes":""},"class_list":["post-1450","page","type-page","status-publish","hentry"],"_links":{"self":[{"href":"https:\/\/robertenriquezreyes.com\/index.php?rest_route=\/wp\/v2\/pages\/1450","targetHints":{"allow":["GET"]}}],"collection":[{"href":"https:\/\/robertenriquezreyes.com\/index.php?rest_route=\/wp\/v2\/pages"}],"about":[{"href":"https:\/\/robertenriquezreyes.com\/index.php?rest_route=\/wp\/v2\/types\/page"}],"author":[{"embeddable":true,"href":"https:\/\/robertenriquezreyes.com\/index.php?rest_route=\/wp\/v2\/users\/2"}],"replies":[{"embeddable":true,"href":"https:\/\/robertenriquezreyes.com\/index.php?rest_route=%2Fwp%2Fv2%2Fcomments&post=1450"}],"version-history":[{"count":54,"href":"https:\/\/robertenriquezreyes.com\/index.php?rest_route=\/wp\/v2\/pages\/1450\/revisions"}],"predecessor-version":[{"id":2585,"href":"https:\/\/robertenriquezreyes.com\/index.php?rest_route=\/wp\/v2\/pages\/1450\/revisions\/2585"}],"wp:attachment":[{"href":"https:\/\/robertenriquezreyes.com\/index.php?rest_route=%2Fwp%2Fv2%2Fmedia&parent=1450"}],"curies":[{"name":"wp","href":"https:\/\/api.w.org\/{rel}","templated":true}]}}